{"id":1397,"date":"2025-11-28T10:33:52","date_gmt":"2025-11-28T10:33:52","guid":{"rendered":"https:\/\/demo.awaikenthemes.com\/evenza\/?page_id=1397"},"modified":"2026-03-02T21:33:39","modified_gmt":"2026-03-02T21:33:39","slug":"about-us","status":"publish","type":"page","link":"https:\/\/mmlab.pl\/?page_id=1397","title":{"rendered":"O nas"},"content":{"rendered":"\t\t<div data-elementor-type=\"wp-page\" data-elementor-id=\"1397\" class=\"elementor elementor-1397\">\n\t\t\t\t<div data-ekitparallax=\"{&quot;ekit_section_parallax_bg&quot;:&quot;yes&quot;,&quot;ekit_section_parallax_bg_speed&quot;:0.5,&quot;elementor_lazy_load&quot;:&quot;1&quot;}\" class=\"elementor-element elementor-element-b1f9883 e-flex e-con-boxed e-con e-parent\" data-id=\"b1f9883\" data-element_type=\"container\" data-settings=\"{&quot;background_background&quot;:&quot;classic&quot;}\">\n\t\t\t\t\t<div class=\"e-con-inner\">\n\t\t<div class=\"elementor-element elementor-element-21578b1 e-con-full e-flex e-con e-child\" data-id=\"21578b1\" data-element_type=\"container\">\n\t\t\t\t<div class=\"elementor-element elementor-element-6ecc69f at-heading-animation at-animation-heading-style-3 elementor-widget elementor-widget-heading\" data-id=\"6ecc69f\" data-element_type=\"widget\" data-settings=\"{&quot;ekit_we_effect_on&quot;:&quot;none&quot;}\" data-widget_type=\"heading.default\">\n\t\t\t\t\t<h1 class=\"elementor-heading-title elementor-size-default\">O nas<\/h1>\t\t\t\t<\/div>\n\t\t\t\t<div class=\"elementor-element elementor-element-e0f8495 elementor-invisible elementor-widget elementor-widget-evenza-breadcrumb\" data-id=\"e0f8495\" data-element_type=\"widget\" data-settings=\"{&quot;_animation&quot;:&quot;fadeInUp&quot;,&quot;ekit_we_effect_on&quot;:&quot;none&quot;}\" data-widget_type=\"evenza-breadcrumb.default\">\n\t\t\t\t<div class=\"elementor-widget-container\">\n\t\t\t\t\t<div role=\"navigation\" aria-label=\"Breadcrumbs\" class=\"breadcrumb-trail breadcrumbs\"><ol class=\"trail-items\"><li class=\"trail-item trail-end\"><a href=\"https:\/\/mmlab.pl\" rel=\"home\"><span>Home<\/span><\/a><\/li><\/ol><\/div>\t\t\t\t<\/div>\n\t\t\t\t<\/div>\n\t\t\t\t<\/div>\n\t\t\t\t\t<\/div>\n\t\t\t\t<\/div>\n\t\t<div class=\"elementor-element elementor-element-695c9e6 e-flex e-con-boxed e-con e-parent\" data-id=\"695c9e6\" data-element_type=\"container\">\n\t\t\t\t\t<div class=\"e-con-inner\">\n\t\t<div class=\"elementor-element elementor-element-44f7a6f e-con-full e-flex e-con e-child\" data-id=\"44f7a6f\" data-element_type=\"container\">\n\t\t<div class=\"elementor-element elementor-element-8f0db34 e-con-full e-flex e-con e-child\" data-id=\"8f0db34\" data-element_type=\"container\">\n\t\t<div class=\"elementor-element elementor-element-8f9f2e8 e-con-full e-flex e-con e-child\" data-id=\"8f9f2e8\" data-element_type=\"container\">\n\t\t\t\t<div class=\"elementor-element elementor-element-213ed24 at-shiny-glass-effect about-us-image at-image-animation at-animation-image-style-1 elementor-widget elementor-widget-image\" data-id=\"213ed24\" data-element_type=\"widget\" data-settings=\"{&quot;ekit_we_effect_on&quot;:&quot;none&quot;}\" data-widget_type=\"image.default\">\n\t\t\t\t\t\t\t\t\t\t\t\t\t\t\t<img fetchpriority=\"high\" decoding=\"async\" width=\"2560\" height=\"1920\" src=\"https:\/\/mmlab.pl\/wp-content\/uploads\/2026\/03\/IMG_8349-scaled.jpg\" class=\"attachment-full size-full wp-image-11621\" alt=\"\" srcset=\"https:\/\/mmlab.pl\/wp-content\/uploads\/2026\/03\/IMG_8349-scaled.jpg 2560w, https:\/\/mmlab.pl\/wp-content\/uploads\/2026\/03\/IMG_8349-300x225.jpg 300w, https:\/\/mmlab.pl\/wp-content\/uploads\/2026\/03\/IMG_8349-1024x768.jpg 1024w, https:\/\/mmlab.pl\/wp-content\/uploads\/2026\/03\/IMG_8349-768x576.jpg 768w, https:\/\/mmlab.pl\/wp-content\/uploads\/2026\/03\/IMG_8349-1536x1152.jpg 1536w, https:\/\/mmlab.pl\/wp-content\/uploads\/2026\/03\/IMG_8349-2048x1536.jpg 2048w\" sizes=\"(max-width: 2560px) 100vw, 2560px\" \/>\t\t\t\t\t\t\t\t\t\t\t\t\t\t\t<\/div>\n\t\t\t\t<\/div>\n\t\t\t\t<\/div>\n\t\t\t\t<\/div>\n\t\t<div class=\"elementor-element elementor-element-3997b1d e-con-full e-flex e-con e-child\" data-id=\"3997b1d\" data-element_type=\"container\">\n\t\t\t\t<div class=\"elementor-element elementor-element-bde1d3d section-title at-heading-animation at-animation-heading-none elementor-invisible elementor-widget elementor-widget-heading\" data-id=\"bde1d3d\" data-element_type=\"widget\" data-settings=\"{&quot;_animation&quot;:&quot;fadeInUp&quot;,&quot;ekit_we_effect_on&quot;:&quot;none&quot;}\" data-widget_type=\"heading.default\">\n\t\t\t\t\t<h3 class=\"elementor-heading-title elementor-size-default\">O nas<\/h3>\t\t\t\t<\/div>\n\t\t\t\t<div class=\"elementor-element elementor-element-389fcd7 at-heading-animation at-animation-heading-style-3 elementor-widget elementor-widget-heading\" data-id=\"389fcd7\" data-element_type=\"widget\" data-settings=\"{&quot;ekit_we_effect_on&quot;:&quot;none&quot;}\" data-widget_type=\"heading.default\">\n\t\t\t\t\t<h2 class=\"elementor-heading-title elementor-size-default\">MMLAB - Nowoczesny serwis samochodowy w Rzeszowie<\/h2>\t\t\t\t<\/div>\n\t\t\t\t<div class=\"elementor-element elementor-element-b084e06 elementor-invisible elementor-widget elementor-widget-text-editor\" data-id=\"b084e06\" data-element_type=\"widget\" data-settings=\"{&quot;_animation&quot;:&quot;fadeInUp&quot;,&quot;_animation_delay&quot;:100,&quot;ekit_we_effect_on&quot;:&quot;none&quot;}\" data-widget_type=\"text-editor.default\">\n\t\t\t\t\t\t\t\t\t<div class=\"elementor-element elementor-element-78f21b4 at-heading-animation at-animation-heading-style-3 elementor-widget elementor-widget-heading\" data-id=\"78f21b4\" data-element_type=\"widget\" data-settings=\"{&quot;ekit_we_effect_on&quot;:&quot;none&quot;}\" data-widget_type=\"heading.default\"><div class=\"split-line\"><div><div>Nowoczesny serwis samochodowy w Rzeszowie!<\/div><\/div><\/div><\/div><div class=\"elementor-element elementor-element-afb9cbf elementor-widget elementor-widget-text-editor animated fadeInUp\" data-id=\"afb9cbf\" data-element_type=\"widget\" data-settings=\"{&quot;_animation&quot;:&quot;fadeInUp&quot;,&quot;_animation_delay&quot;:100,&quot;ekit_we_effect_on&quot;:&quot;none&quot;}\" data-widget_type=\"text-editor.default\"><p data-start=\"966\" data-end=\"1129\">Jeste\u015bmy nowoczesnym warsztatem samochodowym specjalizuj\u0105cym si\u0119 w\u00a0<strong data-start=\"1033\" data-end=\"1126\">diagnostyce elektroniki pojazdowej, konwersji samochod\u00f3w z USA, Japonii na Europ\u0119, geometrii zawieszenia 3D oraz naprawach mechanicznych<\/strong>.<\/p><p data-start=\"1131\" data-end=\"1276\">Nasz\u0105 misj\u0105 jest szybka i precyzyjna diagnoza problemu oraz skuteczna naprawa pojazdu przy wykorzystaniu profesjonalnego sprz\u0119tu diagnostycznego.<\/p><p data-start=\"1278\" data-end=\"1427\">Dzi\u0119ki do\u015bwiadczeniu i zaawansowanej technologii jeste\u015bmy w stanie rozwi\u0105za\u0107 zar\u00f3wno standardowe usterki, jak i skomplikowane problemy elektroniczne.<\/p><\/div>\t\t\t\t\t\t\t\t<\/div>\n\t\t<div class=\"elementor-element elementor-element-8fb6dce e-con-full e-flex elementor-invisible e-con e-child\" data-id=\"8fb6dce\" data-element_type=\"container\" data-settings=\"{&quot;animation&quot;:&quot;fadeInUp&quot;,&quot;animation_delay&quot;:100}\">\n\t\t\t\t<div class=\"elementor-element elementor-element-76f536a elementor-widget__width-initial elementor-widget-mobile__width-inherit ekit-equal-height-disable elementor-widget elementor-widget-elementskit-icon-box\" data-id=\"76f536a\" data-element_type=\"widget\" data-settings=\"{&quot;ekit_we_effect_on&quot;:&quot;none&quot;}\" data-widget_type=\"elementskit-icon-box.default\">\n\t\t\t\t\t<div class=\"ekit-wid-con\" >        <!-- link opening -->\n                <a href=\"tel:+00%20123%20456%20789\" class=\"ekit_global_links\">\n                <!-- end link opening -->\n\n        <div class=\"elementskit-infobox text-left text-left icon-lef-right-aligin elementor-animation- media  \">\n                    <div class=\"elementskit-box-header elementor-animation-\">\n                <div class=\"elementskit-info-box-icon  text-center\">\n                    <svg xmlns=\"http:\/\/www.w3.org\/2000\/svg\" width=\"25\" height=\"25\" viewBox=\"0 0 25 25\" fill=\"currentColor\"><path d=\"M9.24414 6.17969C9.24403 5.87551 9.12436 5.58318 8.91113 5.36621L5.5293 1.98438L5.44336 1.9082C5.23499 1.74082 4.97462 1.64844 4.70508 1.64844C4.39727 1.6485 4.10196 1.76924 3.88184 1.98438L3.10742 2.77637L3.09863 2.78516C2.28976 3.58332 1.77952 4.63607 1.65527 5.76563C1.53139 6.89222 1.79849 8.02715 2.41113 8.98047C6.05325 14.346 10.6869 18.9664 16.0625 22.5938C17.0147 23.2039 18.1471 23.4693 19.2715 23.3457C20.401 23.2214 21.4538 22.7123 22.252 21.9033L22.2617 21.8936L23.0537 21.1182C23.2682 20.8981 23.3887 20.6032 23.3887 20.2959C23.3886 19.9881 23.2679 19.6927 23.0527 19.4727H23.0518L19.6523 16.1074C19.4354 15.8944 19.143 15.7754 18.8389 15.7754C18.5347 15.7755 18.2424 15.8942 18.0254 16.1074L18.0244 16.1094C17.5239 16.5987 16.8513 16.8721 16.1514 16.8721C15.4517 16.872 14.7797 16.5985 14.2793 16.1094L8.91602 10.7461V10.7451C8.66859 10.5001 8.47136 10.2089 8.33691 9.8877C8.20175 9.56462 8.13184 9.21743 8.13184 8.86719C8.13189 8.51712 8.20183 8.17057 8.33691 7.84766C8.47055 7.52835 8.66581 7.23821 8.91113 6.99414L8.9873 6.90918C9.15311 6.70368 9.24414 6.446 9.24414 6.17969ZM10.7441 6.17969C10.7441 6.87726 10.4704 7.54736 9.98145 8.04492L9.97266 8.05371C9.86482 8.16003 9.77917 8.28706 9.7207 8.42676C9.66236 8.56629 9.63189 8.71597 9.63184 8.86719C9.63184 9.01858 9.66228 9.1689 9.7207 9.30859C9.76455 9.41335 9.82417 9.51064 9.89648 9.59766L9.97266 9.68164L15.3281 15.0371L15.4141 15.1133C15.6223 15.2803 15.8822 15.372 16.1514 15.3721C16.4593 15.3721 16.7554 15.2522 16.9756 15.0371C17.4729 14.5489 18.1418 14.2755 18.8389 14.2754C19.5365 14.2754 20.2065 14.5491 20.7041 15.0381L20.7061 15.04L24.1172 18.415L24.126 18.4238H24.125C24.6143 18.9242 24.8886 19.5961 24.8887 20.2959C24.8887 20.9958 24.6143 21.6685 24.125 22.1689C24.1212 22.1728 24.1172 22.1769 24.1133 22.1807L23.3096 22.9668C22.2705 24.0152 20.9029 24.6755 19.4355 24.8369C17.9634 24.9988 16.4807 24.6486 15.2363 23.8457C15.2322 23.843 15.2278 23.8407 15.2236 23.8379C9.68723 20.102 4.91519 15.3422 1.16504 9.81543C1.1618 9.81065 1.15841 9.80564 1.15527 9.80078C0.35253 8.55638 0.00313447 7.07355 0.165039 5.60156C0.326969 4.12946 0.990757 2.75797 2.04492 1.71777L2.82129 0.923829L2.83301 0.91211C3.33343 0.422851 4.00525 0.148498 4.70508 0.148438C5.3176 0.148437 5.90928 0.357954 6.38281 0.738282L6.57813 0.91211L9.98145 4.31543C10.4702 4.81289 10.744 5.48229 10.7441 6.17969Z\"><\/path><\/svg>\n                <\/div>\n          <\/div>\n                        <div class=\"box-body\">\n                            <h3 class=\"elementskit-info-box-title\">\n                    Zadzwo\u0144 do nas!                <\/h3>\n                        \t\t  \t<p>+48 797 731 425<\/p>\n                                <\/div>\n        \n        \n                <\/div>\n                <\/a>\n        <\/div>\t\t\t\t<\/div>\n\t\t\t\t<div class=\"elementor-element elementor-element-eef4cb0 elementor-widget__width-initial elementor-widget-mobile__width-inherit ekit-equal-height-disable elementor-widget elementor-widget-elementskit-icon-box\" data-id=\"eef4cb0\" data-element_type=\"widget\" data-settings=\"{&quot;ekit_we_effect_on&quot;:&quot;none&quot;}\" data-widget_type=\"elementskit-icon-box.default\">\n\t\t\t\t\t<div class=\"ekit-wid-con\" >        <!-- link opening -->\n                <a href=\"tel:+00%20123%20456%20789\" class=\"ekit_global_links\">\n                <!-- end link opening -->\n\n        <div class=\"elementskit-infobox text-left text-left icon-lef-right-aligin elementor-animation- media  \">\n                    <div class=\"elementskit-box-header elementor-animation-\">\n                <div class=\"elementskit-info-box-icon  text-center\">\n                    <svg class=\"elementkit-infobox-icon ekit-svg-icon icon-email\" viewBox=\"0 0 32 32\" xmlns=\"http:\/\/www.w3.org\/2000\/svg\"><path d=\"M31.763 13.855l0-0-4.086-2.709v-9.055c0-0.293-0.237-0.53-0.53-0.53h-22.294c-0.293 0-0.53 0.237-0.53 0.53v9.055l-4.085 2.708c-0.143 0.095-0.237 0.257-0.237 0.442v16.413c0 0.293 0.237 0.53 0.53 0.53h30.94c0.293 0 0.53-0.237 0.53-0.53v-16.413c0-0.184-0.094-0.347-0.237-0.442zM4.323 15.708l-1.662-0.882h1.662v0.882zM1.060 15.177l12.188 6.465-12.188 8.079v-14.544zM16 21.090l13.712 9.089h-27.423l13.712-9.089zM18.752 21.643l12.188-6.465v14.544l-12.188-8.079zM27.677 14.826h1.663l-1.663 0.882v-0.882zM29.711 13.766h-2.035v-1.349l2.035 1.349zM26.617 2.621v13.65l-8.87 4.705-1.454-0.964c-0.177-0.118-0.408-0.118-0.586 0l-1.454 0.964-8.871-4.706v-13.649h21.234zM4.323 13.766h-2.034l2.034-1.348v1.348zM16 15.499h4.223c0.293 0 0.53-0.237 0.53-0.53s-0.237-0.53-0.53-0.53h-4.223c-2.036 0-3.693-1.656-3.693-3.693v-0.156c0-2.036 1.656-3.693 3.693-3.693s3.693 1.656 3.693 3.693v0.391c0 0.441-0.359 0.799-0.799 0.799s-0.799-0.359-0.799-0.799v-0.743c0-1.262-1.027-2.289-2.289-2.289s-2.289 1.027-2.289 2.289c0 1.262 1.027 2.289 2.289 2.289 0.577 0 1.105-0.215 1.508-0.569 0.328 0.529 0.914 0.882 1.581 0.882 1.025 0 1.859-0.834 1.859-1.859v-0.391c0-2.621-2.132-4.753-4.753-4.753s-4.753 2.132-4.753 4.753v0.156c0 2.621 2.132 4.753 4.753 4.753zM15.804 11.468c-0.678 0-1.229-0.551-1.229-1.229s0.552-1.229 1.229-1.229 1.229 0.552 1.229 1.229-0.551 1.229-1.229 1.229z\"><\/path><\/svg>\n                <\/div>\n          <\/div>\n                        <div class=\"box-body\">\n                            <h3 class=\"elementskit-info-box-title\">\n                    Adres email                <\/h3>\n                        \t\t  \t<p>biuro@mmlab.pl<\/p>\n                                <\/div>\n        \n        \n                <\/div>\n                <\/a>\n        <\/div>\t\t\t\t<\/div>\n\t\t\t\t<\/div>\n\t\t\t\t<\/div>\n\t\t\t\t\t<\/div>\n\t\t\t\t<\/div>\n\t\t\t\t<\/div>\n\t\t","protected":false},"excerpt":{"rendered":"<p>O nas Home O nas MMLAB &#8211; Nowoczesny serwis samochodowy w Rzeszowie [&hellip;]<\/p>\n","protected":false},"author":1,"featured_media":0,"parent":0,"menu_order":0,"comment_status":"closed","ping_status":"closed","template":"elementor_header_footer","meta":{"footnotes":""},"class_list":["post-1397","page","type-page","status-publish","hentry"],"_links":{"self":[{"href":"https:\/\/mmlab.pl\/index.php?rest_route=\/wp\/v2\/pages\/1397","targetHints":{"allow":["GET"]}}],"collection":[{"href":"https:\/\/mmlab.pl\/index.php?rest_route=\/wp\/v2\/pages"}],"about":[{"href":"https:\/\/mmlab.pl\/index.php?rest_route=\/wp\/v2\/types\/page"}],"author":[{"embeddable":true,"href":"https:\/\/mmlab.pl\/index.php?rest_route=\/wp\/v2\/users\/1"}],"replies":[{"embeddable":true,"href":"https:\/\/mmlab.pl\/index.php?rest_route=%2Fwp%2Fv2%2Fcomments&post=1397"}],"version-history":[{"count":11,"href":"https:\/\/mmlab.pl\/index.php?rest_route=\/wp\/v2\/pages\/1397\/revisions"}],"predecessor-version":[{"id":11652,"href":"https:\/\/mmlab.pl\/index.php?rest_route=\/wp\/v2\/pages\/1397\/revisions\/11652"}],"wp:attachment":[{"href":"https:\/\/mmlab.pl\/index.php?rest_route=%2Fwp%2Fv2%2Fmedia&parent=1397"}],"curies":[{"name":"wp","href":"https:\/\/api.w.org\/{rel}","templated":true}]}}